{"id":2,"date":"2016-05-10T03:48:21","date_gmt":"2016-05-10T03:48:21","guid":{"rendered":"https:\/\/redinfotools.ru\/?page_id=2"},"modified":"2025-11-14T13:14:36","modified_gmt":"2025-11-14T13:14:36","slug":"sample-page","status":"publish","type":"page","link":"https:\/\/redinfotools.ru\/pt\/","title":{"rendered":"RedInfoTools \u00e9 um agregador de not\u00edcias com uma interface de editor de texto"},"content":{"rendered":"<div class=\"wp-block-group blockquote row\">\n<div class=\"col-lg-9\">\n<p>O programa permite coletar not\u00edcias, editar resumos e listas de fontes de informa\u00e7\u00e3o.<\/p>\n<p>Gra\u00e7as a este programa, a imagem da not\u00edcia do usu\u00e1rio ser\u00e1 determinada por seus interesses, e n\u00e3o pela pol\u00edtica dos motores de busca.<\/p>\n<p>A privacidade do trabalho na Internet \u00e9 garantida: os resultados da sele\u00e7\u00e3o das informa\u00e7\u00f5es estar\u00e3o acess\u00edveis apenas para o usu\u00e1rio.<\/p>\n<p>A vantagem do programa \u00e9 o agrupamento de not\u00edcias com base na semelhan\u00e7a de seu vocabul\u00e1rio, o que economiza consideravelmente o tempo do usu\u00e1rio.<\/p>\n<p>Voc\u00ea tamb\u00e9m pode usar o programa como um editor de texto, gerando projetos estruturados hierarquicamente em diferentes \u00e1reas tem\u00e1ticas (relat\u00f3rios anal\u00edticos, relat\u00f3rios de s\u00edntese, cen\u00e1rios, investiga\u00e7\u00f5es, etc.).<\/p>\n<\/div>\n<div class=\"col-lg-3 using\">\n<h4>COMO UTILIZAR O PROGRAMA<\/h4>\n<ol>\n<li><span>Criar listas<\/span>de sites e canais do Telegram.<br \/>Adicione e edite-os.<\/li>\n<li><span>Inicie o download<\/span>As not\u00edcias ser\u00e3o carregadas e agrupadas.<\/li>\n<li><span>Selecione as not\u00edcias<\/span>rapidamente usando a interface amig\u00e1vel.<\/li>\n<li><span>Leia as not\u00edcias<\/span>Abra at\u00e9 20 links por vez.<\/li>\n<\/ol>\n<h4 class=\"cherry\">SEJA O MAIS INFORMADO<\/h4>\n<p class=\"cherry\">Para utilizar todos os recursos do programa, leia as instru\u00e7\u00f5es e assista a resenha em v\u00eddeo.<\/p>\n<\/div>\n<p>Um breve resumo em v\u00eddeo do programa pode ser visto aqui.<\/p>\n<p class=\"responsive-video\"><iframe loading=\"lazy\" width=\"480\" height=\"270\" src=\"https:\/\/dzen.ru\/embed\/v6x2co6PQCkA?from_block=partner&#038;from=zen&#038;mute=0&#038;autoplay=0&#038;tv=0\" allow=\"autoplay; fullscreen; accelerometer; gyroscope; picture-in-picture; encrypted-media\" frameborder=\"0\" scrolling=\"no\" allowfullscreen><\/iframe><\/p>\n<\/div>\n","protected":false},"excerpt":{"rendered":"<p>O programa permite coletar not\u00edcias, editar resumos e listas de fontes de informa\u00e7\u00e3o. Gra\u00e7as a&#8230;<\/p>\n","protected":false},"author":1,"featured_media":0,"parent":0,"menu_order":0,"comment_status":"closed","ping_status":"open","template":"","meta":{"footnotes":""},"class_list":["post-2","page","type-page","status-publish","hentry"],"yoast_head":"<!-- This site is optimized with the Yoast SEO plugin v27.3 - https:\/\/yoast.com\/product\/yoast-seo-wordpress\/ -->\n<title>RedInfoTools-agregador de not\u00edcias com interface de editor de texto \/ processamento de not\u00edcias<\/title>\n<meta name=\"description\" content=\"Red Info Tools agrupamento de not\u00edcias com base na similaridade de seu vocabul\u00e1rio, o que economiza significativamente o tempo do usu\u00e1rio na sele\u00e7\u00e3o das informa\u00e7\u00f5es necess\u00e1rias, \u00e9 poss\u00edvel usar como editor de texto\" \/>\n<meta name=\"robots\" content=\"index, follow, max-snippet:-1, max-image-preview:large, max-video-preview:-1\" \/>\n<link rel=\"canonical\" href=\"https:\/\/redinfotools.ru\/pt\/\" \/>\n<meta property=\"og:locale\" content=\"pt_PT\" \/>\n<meta property=\"og:locale:alternate\" content=\"ru_RU\" \/>\n<meta property=\"og:locale:alternate\" content=\"en_US\" \/>\n<meta property=\"og:locale:alternate\" content=\"de\" \/>\n<meta property=\"og:locale:alternate\" content=\"es\" \/>\n<meta property=\"og:locale:alternate\" content=\"fr\" \/>\n<meta property=\"og:locale:alternate\" content=\"tr\" \/>\n<meta property=\"og:type\" content=\"article\" \/>\n<meta property=\"og:title\" content=\"RedInfoTools-agregador de not\u00edcias com interface de editor de texto \/ processamento de not\u00edcias\" \/>\n<meta property=\"og:description\" content=\"Red Info Tools agrupamento de not\u00edcias com base na similaridade de seu vocabul\u00e1rio, o que economiza significativamente o tempo do usu\u00e1rio na sele\u00e7\u00e3o das informa\u00e7\u00f5es necess\u00e1rias, \u00e9 poss\u00edvel usar como editor de texto\" \/>\n<meta property=\"og:url\" content=\"https:\/\/redinfotools.ru\/pt\/\" \/>\n<meta property=\"og:site_name\" content=\"RedInfoTools\" \/>\n<meta property=\"article:modified_time\" content=\"2025-11-14T13:14:36+00:00\" \/>\n<meta name=\"twitter:card\" content=\"summary_large_image\" \/>\n<meta name=\"twitter:label1\" content=\"Tempo estimado de leitura\" \/>\n\t<meta name=\"twitter:data1\" content=\"1 minuto\" \/>\n<script type=\"application\/ld+json\" class=\"yoast-schema-graph\">{\"@context\":\"https:\\\/\\\/schema.org\",\"@graph\":[{\"@type\":\"WebPage\",\"@id\":\"https:\\\/\\\/redinfotools.ru\\\/\",\"url\":\"https:\\\/\\\/redinfotools.ru\\\/\",\"name\":\"RedInfoTools-agregador de not\u00edcias com interface de editor de texto \\\/ processamento de not\u00edcias\",\"isPartOf\":{\"@id\":\"https:\\\/\\\/redinfotools.ru\\\/#website\"},\"datePublished\":\"2016-05-10T03:48:21+00:00\",\"dateModified\":\"2025-11-14T13:14:36+00:00\",\"description\":\"Red Info Tools agrupamento de not\u00edcias com base na similaridade de seu vocabul\u00e1rio, o que economiza significativamente o tempo do usu\u00e1rio na sele\u00e7\u00e3o das informa\u00e7\u00f5es necess\u00e1rias, \u00e9 poss\u00edvel usar como editor de texto\",\"breadcrumb\":{\"@id\":\"https:\\\/\\\/redinfotools.ru\\\/#breadcrumb\"},\"inLanguage\":\"pt\",\"potentialAction\":[{\"@type\":\"ReadAction\",\"target\":[\"https:\\\/\\\/redinfotools.ru\\\/\"]}]},{\"@type\":\"BreadcrumbList\",\"@id\":\"https:\\\/\\\/redinfotools.ru\\\/#breadcrumb\",\"itemListElement\":[{\"@type\":\"ListItem\",\"position\":1,\"name\":\"\u0413\u043b\u0430\u0432\u043d\u0430\u044f \u0441\u0442\u0440\u0430\u043d\u0438\u0446\u0430\",\"item\":\"https:\\\/\\\/redinfotools.ru\\\/\"},{\"@type\":\"ListItem\",\"position\":2,\"name\":\"RedInfoTools \u2013 \u043d\u043e\u0432\u043e\u0441\u0442\u043d\u043e\u0439 \u0430\u0433\u0440\u0435\u0433\u0430\u0442\u043e\u0440\"}]},{\"@type\":\"WebSite\",\"@id\":\"https:\\\/\\\/redinfotools.ru\\\/#website\",\"url\":\"https:\\\/\\\/redinfotools.ru\\\/\",\"name\":\"\u041d\u043e\u0432\u043e\u0441\u0442\u043d\u043e\u0439 \u0430\u0433\u0440\u0435\u0433\u0430\u0442\u043e\u0440 \u0441 \u0438\u043d\u0442\u0435\u0440\u0444\u0435\u0439\u0441\u043e\u043c \u0442\u0435\u043a\u0441\u0442\u043e\u0432\u043e\u0433\u043e \u0440\u0435\u0434\u0430\u043a\u0442\u043e\u0440\u0430 RedInfoTools\",\"description\":\"Baixa not\u00edcias, edita textos\",\"publisher\":{\"@id\":\"https:\\\/\\\/redinfotools.ru\\\/#organization\"},\"potentialAction\":[{\"@type\":\"SearchAction\",\"target\":{\"@type\":\"EntryPoint\",\"urlTemplate\":\"https:\\\/\\\/redinfotools.ru\\\/?s={search_term_string}\"},\"query-input\":{\"@type\":\"PropertyValueSpecification\",\"valueRequired\":true,\"valueName\":\"search_term_string\"}}],\"inLanguage\":\"pt\"},{\"@type\":\"Organization\",\"@id\":\"https:\\\/\\\/redinfotools.ru\\\/#organization\",\"name\":\"RedInfoTools\",\"url\":\"https:\\\/\\\/redinfotools.ru\\\/\",\"logo\":{\"@type\":\"ImageObject\",\"inLanguage\":\"pt\",\"@id\":\"https:\\\/\\\/redinfotools.ru\\\/#\\\/schema\\\/logo\\\/image\\\/\",\"url\":\"https:\\\/\\\/redinfotools.ru\\\/wp-content\\\/uploads\\\/2023\\\/06\\\/photo_2023-06-18_16-12-33.jpg\",\"contentUrl\":\"https:\\\/\\\/redinfotools.ru\\\/wp-content\\\/uploads\\\/2023\\\/06\\\/photo_2023-06-18_16-12-33.jpg\",\"width\":1280,\"height\":725,\"caption\":\"RedInfoTools\"},\"image\":{\"@id\":\"https:\\\/\\\/redinfotools.ru\\\/#\\\/schema\\\/logo\\\/image\\\/\"}}]}<\/script>\n<!-- \/ Yoast SEO plugin. -->","yoast_head_json":{"title":"RedInfoTools-agregador de not\u00edcias com interface de editor de texto \/ processamento de not\u00edcias","description":"Red Info Tools agrupamento de not\u00edcias com base na similaridade de seu vocabul\u00e1rio, o que economiza significativamente o tempo do usu\u00e1rio na sele\u00e7\u00e3o das informa\u00e7\u00f5es necess\u00e1rias, \u00e9 poss\u00edvel usar como editor de texto","robots":{"index":"index","follow":"follow","max-snippet":"max-snippet:-1","max-image-preview":"max-image-preview:large","max-video-preview":"max-video-preview:-1"},"canonical":"https:\/\/redinfotools.ru\/pt\/","og_locale":"pt_PT","og_type":"article","og_title":"[:ru]RedInfoTools \u2013 \u043d\u043e\u0432\u043e\u0441\u0442\u043d\u043e\u0439 \u0430\u0433\u0440\u0435\u0433\u0430\u0442\u043e\u0440 \u0441 \u0438\u043d\u0442\u0435\u0440\u0444\u0435\u0439\u0441\u043e\u043c \u0442\u0435\u043a\u0441\u0442\u043e\u0432\u043e\u0433\u043e \u0440\u0435\u0434\u0430\u043a\u0442\u043e\u0440\u0430 | \u043e\u0431\u0440\u0430\u0431\u043e\u0442\u043a\u0430 \u043d\u043e\u0432\u043e\u0441\u0442\u0435\u0439[:en]RedInfoTools free text editor interface news telegram channel aggregator for windows[:de]RedInfoTools \u2013 News-Aggregator mit Texteditor-Schnittstelle \/ Nachrichtenverarbeitung[:es]RedInfoTools-agregador de noticias con interfaz de Editor de texto \/ procesamiento de noticias[:fr]RedInfoTools-agr\u00e9gateur de nouvelles avec interface d'\u00e9diteur de texte | traitement de nouvelles[:pt]RedInfoTools-agregador de not\u00edcias com interface de editor de texto \/ processamento de not\u00edcias[:tr]Red\u0130nfoTools - Metin d\u00fczenleyici aray\u00fcz\u00fcne sahip haber toplay\u0131c\u0131 | haber i\u015fleme[:]","og_description":"[:ru]RedInfoTools \u0433\u0440\u0443\u043f\u043f\u0438\u0440\u043e\u0432\u043a\u0430 \u043d\u043e\u0432\u043e\u0441\u0442\u0435\u0439 \u043d\u0430 \u043e\u0441\u043d\u043e\u0432\u0435 \u0441\u0445\u043e\u0436\u0435\u0441\u0442\u0438 \u0438\u0445 \u0441\u043b\u043e\u0432\u0430\u0440\u043d\u043e\u0433\u043e \u0441\u043e\u0441\u0442\u0430\u0432\u0430, \u043a\u043e\u0442\u043e\u0440\u0430\u044f \u0441\u0443\u0449\u0435\u0441\u0442\u0432\u0435\u043d\u043d\u043e \u044d\u043a\u043e\u043d\u043e\u043c\u0438\u0442 \u0432\u0440\u0435\u043c\u044f \u043f\u043e\u043b\u044c\u0437\u043e\u0432\u0430\u0442\u0435\u043b\u044f \u043f\u0440\u0438 \u043e\u0442\u0431\u043e\u0440\u0435 \u043d\u0443\u0436\u043d\u043e\u0439 \u0438\u043d\u0444\u043e\u0440\u043c\u0430\u0446\u0438\u0438, \u0432\u043e\u0437\u043c\u043e\u0436\u043d\u043e \u0438\u0441\u043f\u043e\u043b\u044c\u0437\u043e\u0432\u0430\u043d\u0438\u0435 \u0432 \u043a\u0430\u0447\u0435\u0441\u0442\u0432\u0435 \u0442\u0435\u043a\u0441\u0442\u043e\u0432\u043e\u0433\u043e \u0440\u0435\u0434\u0430\u043a\u0442\u043e\u0440\u0430[:en]RedInfoTools free text editor for windows and telegram channel and news aggregator, grouping of news based on the similarity of their vocabulary, analytical, summary reports[:de]Red Info Tools Die Gruppierung von Nachrichten basierend auf der \u00c4hnlichkeit ihres Vokabularzusammensetzung, die den Benutzer bei der Auswahl der gew\u00fcnschten Informationen erheblich Zeit spart, kann als Texteditor verwendet werden[:es]Red Info Tools agrupaci\u00f3n de noticias sobre la base de la similitud de su vocabulario, lo que ahorra significativamente el tiempo del usuario al seleccionar la informaci\u00f3n necesaria, es posible utilizar como Editor de texto[:fr]Red info Tools groupe de nouvelles bas\u00e9 sur la similitude de leur composition de vocabulaire, ce qui permet d'\u00e9conomiser beaucoup de temps \u00e0 l'utilisateur lors de la s\u00e9lection des informations souhait\u00e9es, peut \u00eatre utilis\u00e9 comme un \u00e9diteur de texte[:pt]Red Info Tools agrupamento de not\u00edcias com base na similaridade de seu vocabul\u00e1rio, o que economiza significativamente o tempo do usu\u00e1rio na sele\u00e7\u00e3o das informa\u00e7\u00f5es necess\u00e1rias, \u00e9 poss\u00edvel usar como editor de texto[:tr]Red Info Tools haberlerin kelime da\u011farc\u0131\u011f\u0131n\u0131n benzerli\u011fine g\u00f6re grupland\u0131r\u0131lmas\u0131, bu da kullan\u0131c\u0131n\u0131n gerekli bilgileri se\u00e7erken zamandan \u00f6nemli \u00f6l\u00e7\u00fcde tasarruf etmesini sa\u011flar, metin edit\u00f6r\u00fc olarak kullanmak m\u00fcmk\u00fcnd\u00fcr[:]","og_url":"https:\/\/redinfotools.ru\/pt\/","og_site_name":"RedInfoTools","article_modified_time":"2025-11-14T13:14:36+00:00","twitter_card":"summary_large_image","twitter_misc":{"Tempo estimado de leitura":"1 minuto"},"schema":{"@context":"https:\/\/schema.org","@graph":[{"@type":"WebPage","@id":"https:\/\/redinfotools.ru\/","url":"https:\/\/redinfotools.ru\/","name":"RedInfoTools-agregador de not\u00edcias com interface de editor de texto \/ processamento de not\u00edcias","isPartOf":{"@id":"https:\/\/redinfotools.ru\/#website"},"datePublished":"2016-05-10T03:48:21+00:00","dateModified":"2025-11-14T13:14:36+00:00","description":"Red Info Tools agrupamento de not\u00edcias com base na similaridade de seu vocabul\u00e1rio, o que economiza significativamente o tempo do usu\u00e1rio na sele\u00e7\u00e3o das informa\u00e7\u00f5es necess\u00e1rias, \u00e9 poss\u00edvel usar como editor de texto","breadcrumb":{"@id":"https:\/\/redinfotools.ru\/#breadcrumb"},"inLanguage":"pt","potentialAction":[{"@type":"ReadAction","target":["https:\/\/redinfotools.ru\/"]}]},{"@type":"BreadcrumbList","@id":"https:\/\/redinfotools.ru\/#breadcrumb","itemListElement":[{"@type":"ListItem","position":1,"name":"\u0413\u043b\u0430\u0432\u043d\u0430\u044f \u0441\u0442\u0440\u0430\u043d\u0438\u0446\u0430","item":"https:\/\/redinfotools.ru\/"},{"@type":"ListItem","position":2,"name":"RedInfoTools \u2013 \u043d\u043e\u0432\u043e\u0441\u0442\u043d\u043e\u0439 \u0430\u0433\u0440\u0435\u0433\u0430\u0442\u043e\u0440"}]},{"@type":"WebSite","@id":"https:\/\/redinfotools.ru\/#website","url":"https:\/\/redinfotools.ru\/","name":"\u041d\u043e\u0432\u043e\u0441\u0442\u043d\u043e\u0439 \u0430\u0433\u0440\u0435\u0433\u0430\u0442\u043e\u0440 \u0441 \u0438\u043d\u0442\u0435\u0440\u0444\u0435\u0439\u0441\u043e\u043c \u0442\u0435\u043a\u0441\u0442\u043e\u0432\u043e\u0433\u043e \u0440\u0435\u0434\u0430\u043a\u0442\u043e\u0440\u0430 RedInfoTools","description":"Baixa not\u00edcias, edita textos","publisher":{"@id":"https:\/\/redinfotools.ru\/#organization"},"potentialAction":[{"@type":"SearchAction","target":{"@type":"EntryPoint","urlTemplate":"https:\/\/redinfotools.ru\/?s={search_term_string}"},"query-input":{"@type":"PropertyValueSpecification","valueRequired":true,"valueName":"search_term_string"}}],"inLanguage":"pt"},{"@type":"Organization","@id":"https:\/\/redinfotools.ru\/#organization","name":"RedInfoTools","url":"https:\/\/redinfotools.ru\/","logo":{"@type":"ImageObject","inLanguage":"pt","@id":"https:\/\/redinfotools.ru\/#\/schema\/logo\/image\/","url":"https:\/\/redinfotools.ru\/wp-content\/uploads\/2023\/06\/photo_2023-06-18_16-12-33.jpg","contentUrl":"https:\/\/redinfotools.ru\/wp-content\/uploads\/2023\/06\/photo_2023-06-18_16-12-33.jpg","width":1280,"height":725,"caption":"RedInfoTools"},"image":{"@id":"https:\/\/redinfotools.ru\/#\/schema\/logo\/image\/"}}]}},"_links":{"self":[{"href":"https:\/\/redinfotools.ru\/pt\/wp-json\/wp\/v2\/pages\/2","targetHints":{"allow":["GET"]}}],"collection":[{"href":"https:\/\/redinfotools.ru\/pt\/wp-json\/wp\/v2\/pages"}],"about":[{"href":"https:\/\/redinfotools.ru\/pt\/wp-json\/wp\/v2\/types\/page"}],"author":[{"embeddable":true,"href":"https:\/\/redinfotools.ru\/pt\/wp-json\/wp\/v2\/users\/1"}],"replies":[{"embeddable":true,"href":"https:\/\/redinfotools.ru\/pt\/wp-json\/wp\/v2\/comments?post=2"}],"version-history":[{"count":88,"href":"https:\/\/redinfotools.ru\/pt\/wp-json\/wp\/v2\/pages\/2\/revisions"}],"predecessor-version":[{"id":231,"href":"https:\/\/redinfotools.ru\/pt\/wp-json\/wp\/v2\/pages\/2\/revisions\/231"}],"wp:attachment":[{"href":"https:\/\/redinfotools.ru\/pt\/wp-json\/wp\/v2\/media?parent=2"}],"curies":[{"name":"wp","href":"https:\/\/api.w.org\/{rel}","templated":true}]}}